{"id":3748,"date":"2022-05-24T08:08:48","date_gmt":"2022-05-24T11:08:48","guid":{"rendered":"https:\/\/restaurantebarravento.com.br\/bv\/?page_id=3748"},"modified":"2022-05-24T09:50:35","modified_gmt":"2022-05-24T12:50:35","slug":"cardapio-week","status":"publish","type":"page","link":"https:\/\/restaurantebarravento.com.br\/bv\/cardapio-week\/","title":{"rendered":"Card\u00e1pio Week"},"content":{"rendered":"\t\t<div data-elementor-type=\"wp-post\" data-elementor-id=\"3748\" class=\"elementor elementor-3748\">\n\t\t\t\t\t\t<div class=\"elementor-inner\">\n\t\t\t\t<div class=\"elementor-section-wrap\">\n\t\t\t\t\t\t\t\t\t<section class=\"elementor-section elementor-top-section elementor-element elementor-element-bd1722d elementor-section-full_width elementor-section-height-default elementor-section-height-default\" data-id=\"bd1722d\" data-element_type=\"section\">\n\t\t\t\t\t\t<div class=\"elementor-container elementor-column-gap-default\">\n\t\t\t\t\t\t\t<div class=\"elementor-row\">\n\t\t\t\t\t<div class=\"elementor-column elementor-col-100 elementor-top-column elementor-element elementor-element-0883c7f\" data-id=\"0883c7f\" data-element_type=\"column\">\n\t\t\t<div class=\"elementor-column-wrap elementor-element-populated\">\n\t\t\t\t\t\t\t<div class=\"elementor-widget-wrap\">\n\t\t\t\t\t\t<div class=\"elementor-element elementor-element-8041653 elementor-arrows-position-inside elementor-pagination-position-outside elementor-widget elementor-widget-image-carousel\" data-id=\"8041653\" data-element_type=\"widget\" data-settings=\"{&quot;slides_to_show&quot;:&quot;1&quot;,&quot;navigation&quot;:&quot;both&quot;,&quot;autoplay&quot;:&quot;yes&quot;,&quot;pause_on_hover&quot;:&quot;yes&quot;,&quot;pause_on_interaction&quot;:&quot;yes&quot;,&quot;autoplay_speed&quot;:5000,&quot;infinite&quot;:&quot;yes&quot;,&quot;effect&quot;:&quot;slide&quot;,&quot;speed&quot;:500}\" data-widget_type=\"image-carousel.default\">\n\t\t\t\t<div class=\"elementor-widget-container\">\n\t\t\t\t\t<div class=\"elementor-image-carousel-wrapper swiper-container\" dir=\"ltr\">\n\t\t\t<div class=\"elementor-image-carousel swiper-wrapper\">\n\t\t\t\t\t\t\t\t<div class=\"swiper-slide\"><figure class=\"swiper-slide-inner\"><img decoding=\"async\" class=\"swiper-slide-image\" src=\"https:\/\/restaurantebarravento.com.br\/bv\/wp-content\/uploads\/2022\/03\/27.jpg\" alt=\"27\" \/><\/figure><\/div>\t\t\t<\/div>\n\t\t\t\t\t<\/div>\n\t\t\t\t<\/div>\n\t\t\t\t<\/div>\n\t\t\t\t\t\t<\/div>\n\t\t\t\t\t<\/div>\n\t\t<\/div>\n\t\t\t\t\t\t\t\t<\/div>\n\t\t\t\t\t<\/div>\n\t\t<\/section>\n\t\t\t\t<section class=\"elementor-section elementor-top-section elementor-element elementor-element-e2429d6 elementor-section-boxed elementor-section-height-default elementor-section-height-default\" data-id=\"e2429d6\" data-element_type=\"section\">\n\t\t\t\t\t\t<div class=\"elementor-container elementor-column-gap-default\">\n\t\t\t\t\t\t\t<div class=\"elementor-row\">\n\t\t\t\t\t<div class=\"elementor-column elementor-col-100 elementor-top-column elementor-element elementor-element-f67f3f1\" data-id=\"f67f3f1\" data-element_type=\"column\">\n\t\t\t<div class=\"elementor-column-wrap elementor-element-populated\">\n\t\t\t\t\t\t\t<div class=\"elementor-widget-wrap\">\n\t\t\t\t\t\t<div class=\"elementor-element elementor-element-ce62020 elementor-position-top elementor-vertical-align-top elementor-widget elementor-widget-image-box\" data-id=\"ce62020\" data-element_type=\"widget\" data-widget_type=\"image-box.default\">\n\t\t\t\t<div class=\"elementor-widget-container\">\n\t\t\t<div class=\"elementor-image-box-wrapper\"><figure class=\"elementor-image-box-img\"><img loading=\"lazy\" decoding=\"async\" width=\"150\" height=\"136\" src=\"https:\/\/restaurantebarravento.com.br\/bv\/wp-content\/uploads\/2022\/05\/rsweek.jpg\" class=\"attachment-full size-full\" alt=\"\" \/><\/figure><\/div>\t\t<\/div>\n\t\t\t\t<\/div>\n\t\t\t\t<div class=\"elementor-element elementor-element-9ef9b92 elementor-widget elementor-widget-delicios-title\" data-id=\"9ef9b92\" data-element_type=\"widget\" data-widget_type=\"delicios-title.default\">\n\t\t\t\t<div class=\"elementor-widget-container\">\n\t\t\t\n   <div class=\"ts-section-title title-center\">\n      <h2 class=\"section-title \">\n        <span>Salvador Restaurant Week<\/span>     <\/h2>\n               <i class=\"\"><\/i>\n\t\t\t      \t\t\t\n   <\/div>\n    \n    \t\t<\/div>\n\t\t\t\t<\/div>\n\t\t\t\t<div class=\"elementor-element elementor-element-7ab3f2a elementor-widget elementor-widget-text-editor\" data-id=\"7ab3f2a\" data-element_type=\"widget\" data-widget_type=\"text-editor.default\">\n\t\t\t\t<div class=\"elementor-widget-container\">\n\t\t\t\t\t\t\t\t<div class=\"elementor-text-editor elementor-clearfix\">\n\t\t\t\t<p style=\"text-align: center;\">Comec\u0327ou mais uma edic\u0327a\u0303o do Salvador Restaurant Week. Confira as opc\u0327o\u0303es e venha para o Barravento.<\/p>\t\t\t\t\t<\/div>\n\t\t\t\t\t\t<\/div>\n\t\t\t\t<\/div>\n\t\t\t\t<div class=\"elementor-element elementor-element-2e62a11 elementor-widget elementor-widget-text-editor\" data-id=\"2e62a11\" data-element_type=\"widget\" data-widget_type=\"text-editor.default\">\n\t\t\t\t<div class=\"elementor-widget-container\">\n\t\t\t\t\t\t\t\t<div class=\"elementor-text-editor elementor-clearfix\">\n\t\t\t\t<p style=\"text-align: center;\"><span style=\"color: #ff6600;\">De 13 de maio at\u00e9 11 de junho. Segunda a domingo, a partir das 18h.<\/span><\/p>\t\t\t\t\t<\/div>\n\t\t\t\t\t\t<\/div>\n\t\t\t\t<\/div>\n\t\t\t\t\t\t<\/div>\n\t\t\t\t\t<\/div>\n\t\t<\/div>\n\t\t\t\t\t\t\t\t<\/div>\n\t\t\t\t\t<\/div>\n\t\t<\/section>\n\t\t\t\t<section class=\"elementor-section elementor-top-section elementor-element elementor-element-826400c elementor-section-boxed elementor-section-height-default elementor-section-height-default\" data-id=\"826400c\" data-element_type=\"section\">\n\t\t\t\t\t\t<div class=\"elementor-container elementor-column-gap-default\">\n\t\t\t\t\t\t\t<div class=\"elementor-row\">\n\t\t\t\t\t<div class=\"elementor-column elementor-col-100 elementor-top-column elementor-element elementor-element-ad0725a\" data-id=\"ad0725a\" data-element_type=\"column\">\n\t\t\t<div class=\"elementor-column-wrap elementor-element-populated\">\n\t\t\t\t\t\t\t<div class=\"elementor-widget-wrap\">\n\t\t\t\t\t\t<div class=\"elementor-element elementor-element-a9cc478 elementor-align-center elementor-widget elementor-widget-button\" data-id=\"a9cc478\" data-element_type=\"widget\" data-widget_type=\"button.default\">\n\t\t\t\t<div class=\"elementor-widget-container\">\n\t\t\t\t\t<div class=\"elementor-button-wrapper\">\n\t\t\t<a href=\"https:\/\/bit.ly\/3vjta1I\" class=\"elementor-button-link elementor-button elementor-size-lg\" role=\"button\">\n\t\t\t\t\t\t<span class=\"elementor-button-content-wrapper\">\n\t\t\t\t\t\t<span class=\"elementor-button-text\">Fa\u00e7a sua reserva aqui!<\/span>\n\t\t<\/span>\n\t\t\t\t\t<\/a>\n\t\t<\/div>\n\t\t\t\t<\/div>\n\t\t\t\t<\/div>\n\t\t\t\t\t\t<\/div>\n\t\t\t\t\t<\/div>\n\t\t<\/div>\n\t\t\t\t\t\t\t\t<\/div>\n\t\t\t\t\t<\/div>\n\t\t<\/section>\n\t\t\t\t\t\t\t\t\t<\/div>\n\t\t\t<\/div>\n\t\t\t\t\t<\/div>\n\t\t","protected":false},"excerpt":{"rendered":"<p>Salvador Restaurant Week Comec\u0327ou mais uma edic\u0327a\u0303o do Salvador Restaurant Week. Confira as opc\u0327o\u0303es e venha para o Barravento. De 13 de maio at\u00e9 11 de junho. Segunda a domingo, a partir das 18h. Croquete de bacalhau com aioli de lim\u00e3o siciliano Camar\u00e3o empanado no coco ralado com agridoce de abacaxi Pudim de tangerina Petit [&hellip;]<\/p>\n","protected":false},"author":1,"featured_media":0,"parent":0,"menu_order":0,"comment_status":"closed","ping_status":"closed","template":"template\/full-width-template.php","meta":{"footnotes":""},"class_list":["post-3748","page","type-page","status-publish","hentry"],"_links":{"self":[{"href":"https:\/\/restaurantebarravento.com.br\/bv\/wp-json\/wp\/v2\/pages\/3748","targetHints":{"allow":["GET"]}}],"collection":[{"href":"https:\/\/restaurantebarravento.com.br\/bv\/wp-json\/wp\/v2\/pages"}],"about":[{"href":"https:\/\/restaurantebarravento.com.br\/bv\/wp-json\/wp\/v2\/types\/page"}],"author":[{"embeddable":true,"href":"https:\/\/restaurantebarravento.com.br\/bv\/wp-json\/wp\/v2\/users\/1"}],"replies":[{"embeddable":true,"href":"https:\/\/restaurantebarravento.com.br\/bv\/wp-json\/wp\/v2\/comments?post=3748"}],"version-history":[{"count":82,"href":"https:\/\/restaurantebarravento.com.br\/bv\/wp-json\/wp\/v2\/pages\/3748\/revisions"}],"predecessor-version":[{"id":3845,"href":"https:\/\/restaurantebarravento.com.br\/bv\/wp-json\/wp\/v2\/pages\/3748\/revisions\/3845"}],"wp:attachment":[{"href":"https:\/\/restaurantebarravento.com.br\/bv\/wp-json\/wp\/v2\/media?parent=3748"}],"curies":[{"name":"wp","href":"https:\/\/api.w.org\/{rel}","templated":true}]}}